{"id":302,"date":"2017-02-26T21:41:32","date_gmt":"2017-02-26T20:41:32","guid":{"rendered":"http:\/\/onlineglaserei.de\/betashop\/?post_type=product&#038;p=24"},"modified":"2020-06-23T21:56:34","modified_gmt":"2020-06-23T19:56:34","slug":"ganzglastuer","status":"publish","type":"product","link":"https:\/\/onlineglaserei.de\/glaskultur-essen\/produkt\/ganzglastuer\/","title":{"rendered":"Ganzglast\u00fcr"},"content":{"rendered":"<p>&nbsp;<\/p>\r\n","protected":false},"excerpt":{"rendered":"<p>Ganzglast\u00fcren werden von uns passend f\u00fcr Ihren vorhandenen T\u00fcrrahmen gefertigt. Dazu vereinbaren wir mit Ihnen einen Termin f\u00fcr das Aufma\u00df. In einem zweiten Termin wird dke T\u00fcre inkl. der Beschl\u00e4ge (Scharniere und T\u00fcrgriff) von uns geliefert und in Ihren T\u00fcrrahmen fertig montiert.<\/p>\n<ul class=\"og_liste\">\n<li>Online konfigurieren<\/li>\n<li>Inkl. Aufma\u00df und Montage<\/li>\n<li>Kann in fast alle vorhandenen T\u00fcren-Rahmen eingebaut werden<\/li>\n<\/ul>\n","protected":false},"featured_media":912,"template":"","meta":[],"product_brand":[],"product_cat":[23],"product_tag":[],"class_list":{"0":"post-302","1":"product","2":"type-product","3":"status-publish","4":"has-post-thumbnail","6":"product_cat-mit-aufmass","7":"product_shipping_class-lieferung-obligatorisch","9":"first","10":"instock","11":"shipping-taxable","12":"purchasable","13":"product-type-simple"},"_links":{"self":[{"href":"https:\/\/onlineglaserei.de\/glaskultur-essen\/wp-json\/wp\/v2\/product\/302","targetHints":{"allow":["GET"]}}],"collection":[{"href":"https:\/\/onlineglaserei.de\/glaskultur-essen\/wp-json\/wp\/v2\/product"}],"about":[{"href":"https:\/\/onlineglaserei.de\/glaskultur-essen\/wp-json\/wp\/v2\/types\/product"}],"wp:featuredmedia":[{"embeddable":true,"href":"https:\/\/onlineglaserei.de\/glaskultur-essen\/wp-json\/wp\/v2\/media\/912"}],"wp:attachment":[{"href":"https:\/\/onlineglaserei.de\/glaskultur-essen\/wp-json\/wp\/v2\/media?parent=302"}],"wp:term":[{"taxonomy":"product_brand","embeddable":true,"href":"https:\/\/onlineglaserei.de\/glaskultur-essen\/wp-json\/wp\/v2\/product_brand?post=302"},{"taxonomy":"product_cat","embeddable":true,"href":"https:\/\/onlineglaserei.de\/glaskultur-essen\/wp-json\/wp\/v2\/product_cat?post=302"},{"taxonomy":"product_tag","embeddable":true,"href":"https:\/\/onlineglaserei.de\/glaskultur-essen\/wp-json\/wp\/v2\/product_tag?post=302"}],"curies":[{"name":"wp","href":"https:\/\/api.w.org\/{rel}","templated":true}]}}